{"id":207,"date":"2018-06-04T22:01:54","date_gmt":"2018-06-04T21:01:54","guid":{"rendered":"http:\/\/mirotti.eu\/?page_id=207"},"modified":"2018-06-04T22:36:03","modified_gmt":"2018-06-04T21:36:03","slug":"privacy-cookies-policy","status":"publish","type":"page","link":"https:\/\/mirotti.eu\/index.php\/privacy-cookies-policy\/","title":{"rendered":"Privacy &#038; Cookies policy"},"content":{"rendered":"<p><strong>Informativa privacy<br \/>\n1. Titolare del trattamento\u00a0<br \/>\nMIROTTI MASSIMO, Via Tartaglione 44, 41123 Modena,<br \/>\n(la \u201cSociet\u00e0\u201d, \u201cMassimo Mirotti Software\u201d o il \u201cTitolare\u201d) garantisce il rispetto della disciplina in materia di protezione dei dati personali fornendo le seguenti informazioni circa il trattamento dei dati comunicati o comunque raccolti nel corso della navigazione sul presente sito.\u00a0<\/p>\n<p>2. Dati trattati, finalit\u00e0 e basi giuridiche del trattamento\u00a0<br \/>\nDati generati dall\u2019accesso al sito\u00a0<br \/>\nI sistemi informatici e le procedure software preposte al funzionamento di questo sito acquisiscono, nel corso del loro normale esercizio, alcuni dati personali la cui trasmissione \u00e8 implicita nell\u2019uso dei protocolli di comunicazione di Internet.\u00a0<br \/>\nQuesti dati (quali ad esempio nomi di dominio, indirizzi IP, sistema operativo utilizzato, tipo di device di browser utilizzati per la connessione) non sono accompagnati da alcuna informazione personale aggiuntiva e vengono utilizzati per: i) ricavare informazioni statistiche anonime sull\u2019uso del sito; ii) gestire esigenze di controllo delle modalit\u00e0 di utilizzo dello stesso, iii) accertare responsabilit\u00e0 in caso di ipotetici reati informatici.\u00a0<br \/>\nLa base giuridica che legittima il trattamento di tali dati \u00e8 la necessit\u00e0 di rendere utilizzabili le funzionalit\u00e0 del sito.\u00a0<\/p>\n<p>Dati forniti volontariamente dall\u2019utente\u00a0<br \/>\nI dati personali forniti dall\u2019utente tramite form sono raccolti e trattati per le seguenti finalit\u00e0:<br \/>\na. per finalit\u00e0 amministrative e per l\u2019adempimento di obblighi di legge quali ad esempio quelli di natura contabile, fiscale, o per dar corso a richieste dell\u2019autorit\u00e0 giudiziaria;<br \/>\nb. in presenza di specifico consenso, per l\u2019invio periodico, tramite e-mail, di newsletter e materiale pubblicitario;<br \/>\nc. in presenza di specifico consenso, per ricevere aggiornamenti sulle nostre attivit\u00e0 e segnalazioni sulla pubblicazione di post del nostro blog;<br \/>\nd. in presenza di specifico consenso, per ricevere comunicazioni promozionali ed inviti ad eventi, promozioni speciali o a partecipare a analisi e ricerche di mercato<\/p>\n<p>3. Modalit\u00e0 di trattamento e tempi di conservazione dei dati\u00a0<br \/>\nI dati raccolti saranno trattati mediante strumenti elettronici o comunque automatizzati, informatici e telematici, o mediante elaborazioni manuali con logiche strettamente correlate alle finalit\u00e0 per le quali i dati personali sono stati raccolti e, comunque, in modo da garantire in ogni caso la sicurezza dei medesimi. I dati vengono conservati per il tempo strettamente necessario alla gestione delle finalit\u00e0 per le quali i dati stessi sono raccolti nel rispetto delle norme vigenti e degli obblighi di legge.\u00a0<\/p>\n<p>5. Soggetti autorizzati al trattamento, responsabili e comunicazione dei dati\u00a0<br \/>\nIl trattamento dei dati raccolti \u00e8 effettuato da personale interno del titolare a tal fine individuato e autorizzato del trattamento secondo specifiche istruzioni impartite nel rispetto della normativa vigente.\u00a0<\/p>\n<p>I dati raccolti, qualora sia necessario o strumentale per l\u2019esecuzione delle indicate finalit\u00e0, potranno essere trattati da terzi nominati Responsabili esterni del trattamento, ovvero, a seconda dei casi, comunicati agli stessi quali autonomi titolari.<br \/>\nI dati raccolti potranno altres\u00ec essere trasferiti all\u2019estero, anche al di fuori dell\u2019Unione Europea nelle forme e nei modi previsti alla vigente normativa garantendo in ogni caso un adeguato livello di protezione.\u00a0<\/p>\n<p>In ogni caso, i dati personali non saranno mai diffusi.\u00a0<\/p>\n<p>6. Diritti dell\u2019interessato\u00a0<br \/>\nIn ogni momento \u00e8 possibile accedere ai dati, opporsi al trattamento o chiedere la cancellazione, la modifica o l\u2019aggiornamento di tutte le informazioni personali raccolte dal Titolare, esercitando il diritto alla limitazione del trattamento e il diritto alla portabilit\u00e0 dei dati, inviando un\u2019e-mail all\u2019indirizzo\u00a0massimo@mirotti.eu<\/p>\n<p>7. Responsabile della protezione dei dati\u00a0<br \/>\nIl titolare ha provveduto a nominare il responsabile della protezione dei dati che \u00e8 contattabile alla seguente casella di posta elettronica\u00a0massimo@mirotti.eu<\/p>\n<p>Utilizzo dei cookies<br \/>\nAl fine di rendere i propri servizi il pi\u00f9 possibile efficienti e semplici da utilizzare questo Sito fa uso di cookies. Pertanto, quando si visita il Sito, viene inserita una quantit\u00e0 minima di informazioni nel dispositivo dell\u2019Utente, come piccoli file di testo chiamati \u201ccookie\u201d, che vengono salvati nella directory del browser Web dell\u2019Utente. Esistono diversi tipi di cookie, ma sostanzialmente lo scopo principale di un cookie \u00e8 quello di far funzionare pi\u00f9 efficacemente il Sito e di abilitarne determinate funzionalit\u00e0. I cookie sono utilizzati per migliorare la navigazione globale dell\u2019Utente.\u00a0<\/p>\n<p>In particolare:<br \/>\nConsentono di navigare in modo efficiente da una pagina all\u2019altra del sito Web.<br \/>\nMisurano l\u2019utilizzo dei servizi da parte degli Utenti, per ottimizzare l\u2019esperienza di navigazione e i servizi stessi.<br \/>\nEsistono vari tipi di cookie. Qui di seguito sono riportati i tipi cookie che possono essere utilizzati nel Sito con una descrizione della finalit\u00e0 legata all\u2019uso.<br \/>\nCookie tecnici<br \/>\nI cookie di questo tipo sono necessari per il corretto funzionamento di alcune aree del sito. I cookie di questa categoria comprendono sia cookie persistenti che cookie di sessione. In assenza di tali cookie, il sito o alcune porzioni di esso potrebbero non funzionare correttamente. Pertanto, vengono sempre utilizzati, indipendentemente dalle preferenze dall\u2019utente. I cookie di questa categoria vengono sempre inviati dal nostro dominio.<br \/>\nCookie analitici<br \/>\nI cookie di questo tipo vengono utilizzati per raccogliere informazioni sull\u2019utilizzo del sito. Il Titolare usa tali informazioni per analisi statistiche, per migliorare il sito e semplificarne l\u2019utilizzo, oltre che per monitorarne il corretto funzionamento. Questo tipo di cookie raccoglie informazioni in forma anonima sull\u2019attivit\u00e0 degli utenti nel sito e sul modo in cui sono arrivati al Sito e alle pagine visitate. I cookie di questa categoria vengono inviati dal Sito stesso o da domini di terze parti.<br \/>\nCookie di rilevamento di terze parti<br \/>\nI cookie di questo tipo vengono utilizzati per raccogliere informazioni sull\u2019utilizzo del sito Web da parte dei visitatori, le parole chiave usate per raggiungere il sito, i siti Web visitati e le origini del traffico da cui provengono i visitatori per le campagne di marketing. Il titolare pu\u00f2 utilizzare tali informazioni per compilare rapporti e migliorare il Sito. I cookie raccolgono informazioni in forma anonima. I cookie di questo tipo vengono inviati dal Sito stesso o da domini di terze parti.<br \/>\nCookie per l\u2019integrazione di funzionalit\u00e0 di terze parti<br \/>\nI cookie di questo tipo vengono utilizzati per integrare funzionalit\u00e0 di terze parti nel Sito (ad esempio, moduli per i commenti o icone di social network che consentono ai visitatori di condividere il contenuto del sito). I cookie di questa categoria possono essere inviati dai domini dei siti partner o che comunque offrono le funzionalit\u00e0 presenti nel sito. Il Titolare non \u00e8 tenuto a richiedere il consenso dell\u2019utente per i cookie tecnici, poich\u00e9 questi sono strettamente necessari per la fornitura del servizio. Per le altre tipologie di cookie il consenso pu\u00f2 essere espresso dall\u2019Utente, conformemente alla normativa vigente, mediante specifiche configurazioni del browser e di programmi informatici o di dispositivi che siano di facile e chiara utilizzabilit\u00e0 per l\u2019Utente. Il Titolare ricorda all\u2019Utente che \u00e8 possibile modificare le preferenze relative ai cookie in qualsiasi momento. \u00c8 anche possibile disabilitare in qualsiasi momento i cookie dal browser , ma questa operazione potrebbe impedire all\u2019Utente di utilizzare alcune parti del Sito.<br \/>\nSiti Web di terze parti<br \/>\nIl sito di contiene collegamenti ad altri siti Web che dispongono di una propria informativa sulla privacy. Queste informative sulla privacy possono essere diverse da quella adottata dal Titolare, che quindi non risponde per Siti di terze parti. Ai sensi della vigente normativa in materia di dati personali nel quadro del regolamento UE 2016\/679 il consenso all\u2019utilizzo di tali cookie \u00e8 espresso dall\u2019interessato mediante il settaggio individuale che ha scelto liberamente per il browser utilizzato per la navigazione nel sito, ferma restando la facolt\u00e0 dell\u2019utente di comunicare in ogni momento al Titolare del trattamento la propria volont\u00e0 in merito ad dati gestiti per il tramite dei cookie che il browser stesso abbia accettato.<br \/>\nAbilitazione\/disabilitazione di cookie tramite il browser<br \/>\nEsistono diversi modi per gestire i cookie e altre tecnologie di tracciabilit\u00e0. Modificando le impostazioni del browser, puoi accettare o rifiutare i cookie o decidere di ricevere un messaggio di avviso prima di accettare un cookie dai siti Web visitati. Ti ricordiamo che disabilitando completamente i cookie nel browser potresti non essere in grado di utilizzare tutte le nostre funzionalit\u00e0 interattive. Se utilizzi pi\u00f9 computer in postazioni diverse, assicurati che ogni browser sia impostato in modo da soddisfare le tue preferenze. Puoi eliminare tutti i cookie installati nella cartella dei cookie del tuo browser. Ciascun browser presenta procedure diverse per la gestione delle impostazioni. Fai clic su uno dei collegamenti sottostanti per ottenere istruzioni specifiche.\u00a0Microsoft Windows Explorer\u00a0Google Chrome\u00a0Mozilla Firefox\u00a0Apple Safari\u00a0Se non utilizzi nessuno dei browser sopra elencati, seleziona \u201ccookie\u201d nella relativa sezione della guida per scoprire dove si trova la tua cartella dei cookie.<br \/>\nEliminazione dei cookie Flash<br \/>\nFai clic sul collegamento qui di seguito per modificare le tue impostazioni relative ai cookie Flash.\u00a0Disabilitazione dei cookie Flash<br \/>\nAttivazione e disattivazione dei cookies<br \/>\nOltre a poter utilizzare gli strumenti previsti dal browser per attivare o disattivare i singoli cookies informiamo che il sito\u00a0www.youronlinechoices.com\u00a0riporta l\u2019elenco dei principali provider che lavorano con i gestori dei siti web per raccogliere e utilizzare informazioni utili alla fruizione della pubblicit\u00e0 comportamentale. Puoi disattivare o attivare tutte le societ\u00e0 o in alternativa regolare le preferenze individualmente per ogni societ\u00e0. Per farlo \u00e8 possibile utilizzare lo strumento che si trova nella pagina\u00a0www.youronlinechoices.com\/it\/le-tue-scelte. Ulteriori informazioni utili sui cookie sono disponibili a questi indirizzi:\u00a0www.allaboutcookies.org\u00a0www.youronlinechoises.com<\/strong><\/p>\n","protected":false},"excerpt":{"rendered":"<p>Informativa privacy 1. Titolare del trattamento\u00a0 MIROTTI MASSIMO, Via Tartaglione 44, 41123 Modena, (la \u201cSociet\u00e0\u201d, \u201cMassimo Mirotti Software\u201d o il \u201cTitolare\u201d) garantisce il rispetto della disciplina in materia di protezione dei dati personali fornendo le seguenti informazioni circa il trattamento dei dati comunicati o comunque raccolti nel corso della navigazione sul presente sito.\u00a0 2. Dati [&hellip;]<\/p>\n","protected":false},"author":1,"featured_media":0,"parent":0,"menu_order":0,"comment_status":"closed","ping_status":"closed","template":"","meta":{"footnotes":""},"class_list":["post-207","page","type-page","status-publish","hentry"],"_links":{"self":[{"href":"https:\/\/mirotti.eu\/index.php\/wp-json\/wp\/v2\/pages\/207","targetHints":{"allow":["GET"]}}],"collection":[{"href":"https:\/\/mirotti.eu\/index.php\/wp-json\/wp\/v2\/pages"}],"about":[{"href":"https:\/\/mirotti.eu\/index.php\/wp-json\/wp\/v2\/types\/page"}],"author":[{"embeddable":true,"href":"https:\/\/mirotti.eu\/index.php\/wp-json\/wp\/v2\/users\/1"}],"replies":[{"embeddable":true,"href":"https:\/\/mirotti.eu\/index.php\/wp-json\/wp\/v2\/comments?post=207"}],"version-history":[{"count":7,"href":"https:\/\/mirotti.eu\/index.php\/wp-json\/wp\/v2\/pages\/207\/revisions"}],"predecessor-version":[{"id":216,"href":"https:\/\/mirotti.eu\/index.php\/wp-json\/wp\/v2\/pages\/207\/revisions\/216"}],"wp:attachment":[{"href":"https:\/\/mirotti.eu\/index.php\/wp-json\/wp\/v2\/media?parent=207"}],"curies":[{"name":"wp","href":"https:\/\/api.w.org\/{rel}","templated":true}]}}